{"id":622,"date":"2018-07-07T09:47:21","date_gmt":"2018-07-07T09:47:21","guid":{"rendered":"https:\/\/elektrodigital.co.rs\/?post_type=product&#038;p=622"},"modified":"2018-07-07T09:50:48","modified_gmt":"2018-07-07T09:50:48","slug":"digitalni-led-displej-7x80-crvena-zelena-mod","status":"publish","type":"product","link":"https:\/\/elektrodigital.co.rs\/en\/product\/digitalni-led-displej-7x80-crvena-zelena-mod\/","title":{"rendered":"Digitalni led displej 7\u00d780, crvena\/zelena MOD"},"content":{"rendered":"<p>Za unutra\u0161nju upotrebu, kutija metalna crna plastificirana<br \/>\nVisina karaktera: 50mm \/ 13 typ. karaktera u liniji. Sedam tipova razli\u010ditih fontova<br \/>\nBoja dioda: crvena\/zelena moduli<br \/>\nDimenzije displeja: 50mmV x 610mm\u0160<br \/>\nSpolja\u0161nje dimenzije displeja: 98mmV x 660mm\u0160 x 35mmD<br \/>\nBroj redova: 7, Broj kolona: 80,<\/p>\n<p>Snimanje do 100 poruka u displej. Pomo\u0107u tasterima na daljinskom, lako se odabere \u017eeljena poruka.<br \/>\nUnos podataka pomo\u0107u ra\u010dunara ili IR daljinskog.<br \/>\nUgra\u0111ena funkcija za sat, datum, dan i godina, tajmer.<br \/>\nMogu\u0107nost programiranja alarma zvu\u010dnih signala (ugra\u0111en piezo zvu\u010dnik)<br \/>\nUnos podataka pomo\u0107u kabla: USB (za operacione sisteme XP\/Win7)<br \/>\nLako se montira pomo\u0107u dr\u017ea\u010da (u kompletu).<br \/>\nDisplej radi preko napajanja 230VAC\/5VDC 3A (u kompletu).<br \/>\nU kompletu: displej, napajanje, IR daljinski, kabel za prenos podataka,<br \/>\nCD sa programom, dr\u017ea\u010di za displej, uputstvo za upotrebu na engleskom i SRPSKOM.<\/p>\n<p><iframe loading=\"lazy\" src=\"https:\/\/www.youtube.com\/embed\/_laPARpkkSc\" width=\"560\" height=\"315\" frameborder=\"0\" allowfullscreen=\"allowfullscreen\"><\/iframe><\/p>\n","protected":false},"excerpt":{"rendered":"<p class=\"opis\">Mogu\u0107e izabrati 24 tipova animacija za na\u0161 tekst, cikli\u010dno, putuju\u0107i, padaju\u0107i, blinka, da se test kre\u0107e sa desna na levo, sa leva na desno, od gore na dole, od dole na gore, stati\u010dno, pahuljice\u2026 Menjanje brzine putuju\u0107eg teksta.<br \/>\nMogu\u0107nost ubacivanja gotovih animacija, crtanja sopstvenih logoa u programu.<br \/>\nMogu\u0107nost programiranje po unapred definisamom re\u017eimu (schedule), automatski se displej uklju\u010duje na po\u010detak i isklju\u010duje na kraju radnog vremena.<\/p>\n<p>\u0160ifra:\u00a0<span style=\"color: #ed1c24;\"><strong>D7x80RG-MOD<\/strong><\/span><\/p>\n<p><strong><span style=\"font-size: 120%; color: #ed1c24;\"><span style=\"color: #333333;\">Cena:<\/span> 120 euro\/kom + pdv<\/span><\/strong><\/p>\n","protected":false},"featured_media":584,"comment_status":"closed","ping_status":"closed","template":"","meta":[],"product_brand":[],"product_cat":[25],"product_tag":[],"class_list":{"0":"post-622","1":"product","2":"type-product","3":"status-publish","4":"has-post-thumbnail","6":"product_cat-led-displeji-manjih-dimenzija","8":"first","9":"instock","10":"virtual","11":"product-type-simple"},"_links":{"self":[{"href":"https:\/\/elektrodigital.co.rs\/en\/wp-json\/wp\/v2\/product\/622","targetHints":{"allow":["GET"]}}],"collection":[{"href":"https:\/\/elektrodigital.co.rs\/en\/wp-json\/wp\/v2\/product"}],"about":[{"href":"https:\/\/elektrodigital.co.rs\/en\/wp-json\/wp\/v2\/types\/product"}],"replies":[{"embeddable":true,"href":"https:\/\/elektrodigital.co.rs\/en\/wp-json\/wp\/v2\/comments?post=622"}],"wp:featuredmedia":[{"embeddable":true,"href":"https:\/\/elektrodigital.co.rs\/en\/wp-json\/wp\/v2\/media\/584"}],"wp:attachment":[{"href":"https:\/\/elektrodigital.co.rs\/en\/wp-json\/wp\/v2\/media?parent=622"}],"wp:term":[{"taxonomy":"product_brand","embeddable":true,"href":"https:\/\/elektrodigital.co.rs\/en\/wp-json\/wp\/v2\/product_brand?post=622"},{"taxonomy":"product_cat","embeddable":true,"href":"https:\/\/elektrodigital.co.rs\/en\/wp-json\/wp\/v2\/product_cat?post=622"},{"taxonomy":"product_tag","embeddable":true,"href":"https:\/\/elektrodigital.co.rs\/en\/wp-json\/wp\/v2\/product_tag?post=622"}],"curies":[{"name":"wp","href":"https:\/\/api.w.org\/{rel}","templated":true}]}}