{"id":621,"date":"2018-07-07T09:44:51","date_gmt":"2018-07-07T09:44:51","guid":{"rendered":"https:\/\/elektrodigital.co.rs\/?post_type=product&#038;p=621"},"modified":"2018-07-07T09:46:52","modified_gmt":"2018-07-07T09:46:52","slug":"digitalni-led-displej-7x120-crvena-mod","status":"publish","type":"product","link":"https:\/\/elektrodigital.co.rs\/en\/product\/digitalni-led-displej-7x120-crvena-mod\/","title":{"rendered":"Digitalni led displej 7\u00d7120, crvena MOD"},"content":{"rendered":"<p>Kutija metalna crna plastificirana<br \/>\nVisina karaktera: 50mm \/ 20 typ. karaktera u liniji.<br \/>\nSedam tipova razli\u010ditih fontova<br \/>\nBoja dioda: crvena moduli<br \/>\nDimenzije displeja: 50mmV x 910mm\u0160<br \/>\nSpolja\u0161nje dimenzije ku\u0107i\u0161ta: 98mmV x 950mm\u0160 x 35mmD<br \/>\nBroj redova: 7, Broj kolona: 120,<br \/>\nSnimanje do 100 poruka u displej. Pomo\u0107u tasterima na daljinskom, lako se odabere \u017eeljena poruka.<br \/>\nUnos podataka pomo\u0107u ra\u010dunara ili IR daljinskog.<br \/>\nUgra\u0111ena funkcija za sat, datum, dan i godina, tajmer.<br \/>\nMogu\u0107nost programiranja alarma zvu\u010dnih signala (ugra\u0111en piezo zvu\u010dnik)<br \/>\nUnos podataka pomo\u0107u kabla: USB (za operacione sisteme XP\/Win7)<br \/>\nLako se montira pomo\u0107u dr\u017ea\u010da (u kompletu).<br \/>\nDisplej radi preko napajanja 230VAC\/5VDC 3A (u kompletu).<br \/>\nU kompletu: displej, napajanje, IR daljinski, kabel za prenos podataka,<br \/>\nCD sa programom, dr\u017ea\u010di za displej, uputstvo za upotrebu na engleskom i SRPSKOM.<\/p>\n","protected":false},"excerpt":{"rendered":"<p class=\"opis\">Mogu\u0107e izabrati 24 tipova animacija za na\u0161 tekst, cikli\u010dno, putuju\u0107i, padaju\u0107i, blinka, da se test kre\u0107e sa desna na levo, sa leva na desno, od gore na dole, od dole na gore, stati\u010dno, pahuljice\u2026 Menjanje brzine putuju\u0107eg teksta.<br \/>\nMogu\u0107nost ubacivanja gotovih animacija, crtanja sopstvenih logoa u programu.<br \/>\nMogu\u0107nost programiranje po unapred definisamom re\u017eimu (schedule), automatski se displej uklju\u010duje na po\u010detak i isklju\u010duje na kraju radnog vremena.<\/p>\n<p>\u0160ifra:\u00a0<strong><span style=\"color: #ed1c24;\">D7x120R-MOD<\/span><\/strong><\/p>\n<p><strong><span style=\"font-size: 120%; color: #ed1c24;\"><span style=\"color: #333333;\">Cena:<\/span> 137 euro\/kom + pdv<\/span><\/strong><\/p>\n","protected":false},"featured_media":619,"comment_status":"closed","ping_status":"closed","template":"","meta":[],"product_brand":[],"product_cat":[25],"product_tag":[],"class_list":{"0":"post-621","1":"product","2":"type-product","3":"status-publish","4":"has-post-thumbnail","6":"product_cat-led-displeji-manjih-dimenzija","8":"first","9":"instock","10":"virtual","11":"product-type-simple"},"_links":{"self":[{"href":"https:\/\/elektrodigital.co.rs\/en\/wp-json\/wp\/v2\/product\/621","targetHints":{"allow":["GET"]}}],"collection":[{"href":"https:\/\/elektrodigital.co.rs\/en\/wp-json\/wp\/v2\/product"}],"about":[{"href":"https:\/\/elektrodigital.co.rs\/en\/wp-json\/wp\/v2\/types\/product"}],"replies":[{"embeddable":true,"href":"https:\/\/elektrodigital.co.rs\/en\/wp-json\/wp\/v2\/comments?post=621"}],"wp:featuredmedia":[{"embeddable":true,"href":"https:\/\/elektrodigital.co.rs\/en\/wp-json\/wp\/v2\/media\/619"}],"wp:attachment":[{"href":"https:\/\/elektrodigital.co.rs\/en\/wp-json\/wp\/v2\/media?parent=621"}],"wp:term":[{"taxonomy":"product_brand","embeddable":true,"href":"https:\/\/elektrodigital.co.rs\/en\/wp-json\/wp\/v2\/product_brand?post=621"},{"taxonomy":"product_cat","embeddable":true,"href":"https:\/\/elektrodigital.co.rs\/en\/wp-json\/wp\/v2\/product_cat?post=621"},{"taxonomy":"product_tag","embeddable":true,"href":"https:\/\/elektrodigital.co.rs\/en\/wp-json\/wp\/v2\/product_tag?post=621"}],"curies":[{"name":"wp","href":"https:\/\/api.w.org\/{rel}","templated":true}]}}