{"id":607,"date":"2018-07-07T08:46:06","date_gmt":"2018-07-07T08:46:06","guid":{"rendered":"https:\/\/elektrodigital.co.rs\/?post_type=product&#038;p=607"},"modified":"2023-05-09T10:35:51","modified_gmt":"2023-05-09T09:35:51","slug":"digitalni-led-displej-7x35-crvena-led","status":"publish","type":"product","link":"https:\/\/elektrodigital.co.rs\/en\/product\/digitalni-led-displej-7x35-crvena-led\/","title":{"rendered":"Digitalni led displej 7&#215;35 crvena Led"},"content":{"rendered":"<p class=\"opis\">Za unutra\u0161nju upotrebu, kutija plasti\u010dna crna<br \/>\nVisina karaktera: 40mm \/ 7karaktera u liniji<br \/>\nDiode: crvena SUPERHELL \u2013 vidljiv i danju \u2013 VISOKOSJAJNE<br \/>\nDimenzije displeja: 40mmV x 210mm\u0160<br \/>\nSpolja\u0161nje dimenzije displeja: 75mmV x 250mm\u0160 x 20mmD<br \/>\nBroj redova: 7, Broj kolona: 35<br \/>\nUnos podataka pomo\u0107u: IR daljinskog.<br \/>\nMogu\u0107e uklj\/isklj prekida\u010dem na kutiji, tasteri na kutiji za poruke, brzinu i osvetljaj.<br \/>\nNapajanje preko adaptera od 12VDC (u kompletu)<br \/>\nMogu\u0107e boje led dioda: crvena, zelena, plava, bela, \u017euta.<br \/>\nLako se montira pomo\u0107u dr\u017ea\u010da, mogu\u0107e montiranje na izlog\/staklo sa unutra\u0161nje strane pomo\u0107u vakum dr\u017ea\u010da ili dvoslojnom lepljivom trakom.<br \/>\nDisplej radi preko napajanja 230VAC\/12VDC 1A (u kompletu).<br \/>\nU kompletu: displej, napajanje, IR daljinski, dr\u017ea\u010di za displej, uputstvo za upotrebu.<\/p>\n<p><strong>MOGU\u0106E PRIKLJU\u010cITI U UTIKA\u010c U KOLIMA (kabel du\u017eine 3m u paketu), IDEALNO RE\u0160ENJE ZA REKLAMIRANJE U TAXI VOZILIMA I U KAMIONIMA.<\/strong><\/p>\n","protected":false},"excerpt":{"rendered":"<h4 class=\"opis\">Pomo\u0107u tasterima na daljinskom, lako se odabere \u017eeljena poruka.<br \/>\nTekst se kre\u0107e sa desna na levo, mogu\u0107e pode\u0161avati brzinu prelaza teksta.<br \/>\nMogu\u0107e programirati 9 poruka sa 250 karaktera<\/h4>\n<p>\u0160ifra:\u00a0<span style=\"color: #ed1c24;\"><strong>D-CA7x35R<\/strong><\/span><\/p>\n<p><del><span style=\"font-size: 100%;\">Cena:<\/span><\/del><span style=\"color: #ed1c24;\"><strong><span style=\"font-size: 120%;\"><del> 45 euro\/kom + pdv<\/del> <\/span><\/strong><\/span><\/p>\n<p><strong><span style=\"font-size: 120%; color: #ed1c24;\"><span style=\"color: #333333;\">Nova cena:<\/span> 37 euro + pdv<\/span><\/strong><\/p>\n","protected":false},"featured_media":611,"comment_status":"closed","ping_status":"closed","template":"","meta":[],"product_brand":[],"product_cat":[34,25],"product_tag":[],"class_list":{"0":"post-607","1":"product","2":"type-product","3":"status-publish","4":"has-post-thumbnail","6":"product_cat-akcije","7":"product_cat-led-displeji-manjih-dimenzija","9":"first","10":"instock","11":"featured","12":"virtual","13":"product-type-simple"},"_links":{"self":[{"href":"https:\/\/elektrodigital.co.rs\/en\/wp-json\/wp\/v2\/product\/607","targetHints":{"allow":["GET"]}}],"collection":[{"href":"https:\/\/elektrodigital.co.rs\/en\/wp-json\/wp\/v2\/product"}],"about":[{"href":"https:\/\/elektrodigital.co.rs\/en\/wp-json\/wp\/v2\/types\/product"}],"replies":[{"embeddable":true,"href":"https:\/\/elektrodigital.co.rs\/en\/wp-json\/wp\/v2\/comments?post=607"}],"wp:featuredmedia":[{"embeddable":true,"href":"https:\/\/elektrodigital.co.rs\/en\/wp-json\/wp\/v2\/media\/611"}],"wp:attachment":[{"href":"https:\/\/elektrodigital.co.rs\/en\/wp-json\/wp\/v2\/media?parent=607"}],"wp:term":[{"taxonomy":"product_brand","embeddable":true,"href":"https:\/\/elektrodigital.co.rs\/en\/wp-json\/wp\/v2\/product_brand?post=607"},{"taxonomy":"product_cat","embeddable":true,"href":"https:\/\/elektrodigital.co.rs\/en\/wp-json\/wp\/v2\/product_cat?post=607"},{"taxonomy":"product_tag","embeddable":true,"href":"https:\/\/elektrodigital.co.rs\/en\/wp-json\/wp\/v2\/product_tag?post=607"}],"curies":[{"name":"wp","href":"https:\/\/api.w.org\/{rel}","templated":true}]}}