{"id":604,"date":"2018-07-07T08:40:48","date_gmt":"2018-07-07T08:40:48","guid":{"rendered":"https:\/\/elektrodigital.co.rs\/?post_type=product&#038;p=604"},"modified":"2018-07-07T08:45:39","modified_gmt":"2018-07-07T08:45:39","slug":"digitalni-led-displej-bedz-12x48-crvena-led-smd","status":"publish","type":"product","link":"https:\/\/elektrodigital.co.rs\/en\/product\/digitalni-led-displej-bedz-12x48-crvena-led-smd\/","title":{"rendered":"Digitalni led displej bedz 12&#215;48 crvena LED SMD"},"content":{"rendered":"<h3>Za unutra\u0161nju upotrebu, kutija plasti\u010dna crna<\/h3>\n<p>Visina karaktera: 20mm<br \/>\nDimenzije displeja: 27mmV x 88mm\u0160<br \/>\nSpolja\u0161nje dimenzije displeja: 30mmV x 91mm\u0160 x 6mmD<br \/>\nBroj redova: 12, Broj kolona: 48, Boja dioda: crvena smd<br \/>\nMogu\u0107nost menjanja intenziteta svetlosti<br \/>\nUnos podataka pomo\u0107u ra\u010dunara.<br \/>\nKomunikacija sa ra\u010dunarom: USB (za operacione sisteme XP\/Win7)<br \/>\nLako se ka\u010di pomo\u0107u magneta.<br \/>\nMogu\u0107e boje led dioda: crvena, zelena, plava, bela.<\/p>\n<p><strong>U kompletu<\/strong>: displej, adapter na 220VAC, kabel za prenos podataka USB, CD sa programom, uputstvo za upotrebu.<\/p>\n","protected":false},"excerpt":{"rendered":"<h4 class=\"opis\">Mogu\u0107nost programiranja 8 razli\u010ditih poruka, poruke mogu biti du\u017eine 255 karaktera<br \/>\nMogu\u0107e da se programira da tekst se kre\u0107e sa desna na levo, sa leva na desno, od gore na dole, od dole na gore, stati\u010dno, da blinka. Menjanje brzine putuju\u0107eg teksta.<\/h4>\n<p>\u0160ifra:\u00a0<span style=\"color: #ed1c24;\"><strong>D-BA12x48R<\/strong><\/span><\/p>\n<p><span style=\"font-size: 100%;\">Cena:<\/span><span style=\"color: #ed1c24;\"><strong><span style=\"font-size: 120%;\"> 15 euro\/kom + pdv, <\/span><\/strong><\/span><\/p>\n","protected":false},"featured_media":605,"comment_status":"closed","ping_status":"closed","template":"","meta":[],"product_brand":[],"product_cat":[25],"product_tag":[],"class_list":{"0":"post-604","1":"product","2":"type-product","3":"status-publish","4":"has-post-thumbnail","6":"product_cat-led-displeji-manjih-dimenzija","8":"first","9":"instock","10":"virtual","11":"product-type-simple"},"_links":{"self":[{"href":"https:\/\/elektrodigital.co.rs\/en\/wp-json\/wp\/v2\/product\/604","targetHints":{"allow":["GET"]}}],"collection":[{"href":"https:\/\/elektrodigital.co.rs\/en\/wp-json\/wp\/v2\/product"}],"about":[{"href":"https:\/\/elektrodigital.co.rs\/en\/wp-json\/wp\/v2\/types\/product"}],"replies":[{"embeddable":true,"href":"https:\/\/elektrodigital.co.rs\/en\/wp-json\/wp\/v2\/comments?post=604"}],"wp:featuredmedia":[{"embeddable":true,"href":"https:\/\/elektrodigital.co.rs\/en\/wp-json\/wp\/v2\/media\/605"}],"wp:attachment":[{"href":"https:\/\/elektrodigital.co.rs\/en\/wp-json\/wp\/v2\/media?parent=604"}],"wp:term":[{"taxonomy":"product_brand","embeddable":true,"href":"https:\/\/elektrodigital.co.rs\/en\/wp-json\/wp\/v2\/product_brand?post=604"},{"taxonomy":"product_cat","embeddable":true,"href":"https:\/\/elektrodigital.co.rs\/en\/wp-json\/wp\/v2\/product_cat?post=604"},{"taxonomy":"product_tag","embeddable":true,"href":"https:\/\/elektrodigital.co.rs\/en\/wp-json\/wp\/v2\/product_tag?post=604"}],"curies":[{"name":"wp","href":"https:\/\/api.w.org\/{rel}","templated":true}]}}