{"id":598,"date":"2018-07-07T08:27:51","date_gmt":"2018-07-07T08:27:51","guid":{"rendered":"https:\/\/elektrodigital.co.rs\/?post_type=product&#038;p=598"},"modified":"2018-07-07T08:37:11","modified_gmt":"2018-07-07T08:37:11","slug":"digitalni-led-displej-bedz-7x29-crvena-smd-led","status":"publish","type":"product","link":"https:\/\/elektrodigital.co.rs\/en\/product\/digitalni-led-displej-bedz-7x29-crvena-smd-led\/","title":{"rendered":"Digitalni led displej bedz 7&#215;29 crvena SMD Led"},"content":{"rendered":"<h3 class=\"opis\">Za unutra\u0161nju upotrebu, kutija plasti\u010dna crna<\/h3>\n<p class=\"opis\">Visina karaktera: 16mm<br \/>\nDimenzije displeja: 16mmV x 65mm\u0160<br \/>\nSpolja\u0161nje dimenzije ku\u0107i\u0161ta: 41mmV x 83mm\u0160 x 7mmD<br \/>\nBroj redova: 7, Broj kolona: 29, Boja dioda: crvena smd<br \/>\nBed\u017e radi na bateriju: CR3032<br \/>\nMogu\u0107nost menjanja intenziteta svetlosti (baterije du\u017ee traju)<br \/>\nUnos podataka pomo\u0107u ra\u010dunara ili ru\u010dno preko tastera na bed\u017eu.<br \/>\nMogu\u0107nos uklj\/isk pomo\u0107u prekida\u010da na bed\u017eu.<br \/>\nKomunikacija sa ra\u010dunarom: USB (za operacione sisteme XP\/Win7)<br \/>\nLako se ka\u010di pomo\u0107u magneta.<\/p>\n<p><strong>U kompletu<\/strong>: displej, kabel za prenos podataka, CD sa programom, magneti, uputstvo za upotrebu.<\/p>\n","protected":false},"excerpt":{"rendered":"<h4 class=\"opis\">Mogu\u0107nost programiranja 8 razli\u010ditih poruka, poruke mogu biti du\u017eine 255 karaktera<br \/>\nMogu\u0107e da se programira da tekst se kre\u0107e sa desna na levo, sa leva na desno, od gore na dole, od dole na gore, stati\u010dno, da blinka. Menjanje berzine putuju\u0107eg teksta.<\/h4>\n<p>\u0160ifra:\u00a0<span style=\"color: #ed1c24;\"><strong>D7x29R-BADGE<\/strong><\/span><\/p>\n<p><span style=\"font-size: 100%;\">Cena:<\/span><span style=\"color: #ed1c24;\"><strong><span style=\"font-size: 120%;\"> 13 euro\/kom + pdv, <\/span><\/strong><\/span><\/p>\n","protected":false},"featured_media":599,"comment_status":"closed","ping_status":"closed","template":"","meta":[],"product_brand":[],"product_cat":[25],"product_tag":[],"class_list":{"0":"post-598","1":"product","2":"type-product","3":"status-publish","4":"has-post-thumbnail","6":"product_cat-led-displeji-manjih-dimenzija","8":"first","9":"instock","10":"virtual","11":"product-type-simple"},"_links":{"self":[{"href":"https:\/\/elektrodigital.co.rs\/en\/wp-json\/wp\/v2\/product\/598","targetHints":{"allow":["GET"]}}],"collection":[{"href":"https:\/\/elektrodigital.co.rs\/en\/wp-json\/wp\/v2\/product"}],"about":[{"href":"https:\/\/elektrodigital.co.rs\/en\/wp-json\/wp\/v2\/types\/product"}],"replies":[{"embeddable":true,"href":"https:\/\/elektrodigital.co.rs\/en\/wp-json\/wp\/v2\/comments?post=598"}],"wp:featuredmedia":[{"embeddable":true,"href":"https:\/\/elektrodigital.co.rs\/en\/wp-json\/wp\/v2\/media\/599"}],"wp:attachment":[{"href":"https:\/\/elektrodigital.co.rs\/en\/wp-json\/wp\/v2\/media?parent=598"}],"wp:term":[{"taxonomy":"product_brand","embeddable":true,"href":"https:\/\/elektrodigital.co.rs\/en\/wp-json\/wp\/v2\/product_brand?post=598"},{"taxonomy":"product_cat","embeddable":true,"href":"https:\/\/elektrodigital.co.rs\/en\/wp-json\/wp\/v2\/product_cat?post=598"},{"taxonomy":"product_tag","embeddable":true,"href":"https:\/\/elektrodigital.co.rs\/en\/wp-json\/wp\/v2\/product_tag?post=598"}],"curies":[{"name":"wp","href":"https:\/\/api.w.org\/{rel}","templated":true}]}}