{"id":890,"date":"2018-07-10T10:34:50","date_gmt":"2018-07-10T10:34:50","guid":{"rendered":"https:\/\/elektrodigital.co.rs\/?page_id=890"},"modified":"2025-09-24T13:13:40","modified_gmt":"2025-09-24T12:13:40","slug":"informacioni-led-displeji-za-industriju","status":"publish","type":"page","link":"https:\/\/elektrodigital.co.rs\/en\/informacioni-led-displeji-za-industriju\/","title":{"rendered":"LED DISPLAYS FOR INDUSTRY-PLANT"},"content":{"rendered":"<p>&nbsp;<\/p>\n<div class=\"row align-equal align-center row-divided\"  id=\"row-1702840850\">\n\n\t<div id=\"col-739002360\" class=\"col medium-4 small-12 large-4\"  >\n\t\t\t\t<div class=\"col-inner box-shadow-1\"  >\n\t\t\t\n\t\t\t\n\t<div class=\"box has-hover   has-hover box-bounce box-text-bottom\" >\n\n\t\t<div class=\"box-image\" style=\"width:55%;\">\n\t\t\t<a href=\"https:\/\/elektrodigital.co.rs\/product-category\/informacioni-led-displeji-za-industriju\/informacioni-displej-numericki-na-daljinski\/\" >\t\t\t<div class=\"\" >\n\t\t\t\t<img loading=\"lazy\" decoding=\"async\" width=\"583\" height=\"758\" src=\"https:\/\/media.elektrodigital.co.rs\/2020\/02\/x2.jpg\" class=\"attachment- size-\" alt=\"\" srcset=\"https:\/\/media.elektrodigital.co.rs\/2020\/02\/x2.jpg 583w, https:\/\/media.elektrodigital.co.rs\/2020\/02\/x2-308x400.jpg 308w\" sizes=\"auto, (max-width: 583px) 100vw, 583px\" \/>\t\t\t\t\t\t\t\t\t\t\t<\/div>\n\t\t\t<\/a>\t\t<\/div>\n\n\t\t<div class=\"box-text text-center\" >\n\t\t\t<div class=\"box-text-inner\">\n\t\t\t\t\n<h4>INFORMACIONI DISPLEJ \u2013 NUMERI\u010cKI NA DALJINSKI<\/h4>\n<p>Emituje numeri\u010dku vrednost koja se pode\u0161ava pomo\u0107u RF daljiskog. Numeri\u010dki displeji \u2013 Digitalni displeji za industriju \u2013 Industrijski displeji displeji za pogone \u2013 Led displeji za fabrike \u2013 Numeri\u010dki led displeji na daljinski.<\/p>\n\t\t\t<\/div>\n\t\t<\/div>\n\t<\/div>\n\t\n\t\t<\/div>\n\t\t\t\t\t<\/div>\n\n\t\n\n\t<div id=\"col-1234866029\" class=\"col medium-4 small-12 large-4\"  >\n\t\t\t\t<div class=\"col-inner box-shadow-1\"  >\n\t\t\t\n\t\t\t\n\t<div class=\"box has-hover   has-hover box-bounce box-text-bottom\" >\n\n\t\t<div class=\"box-image\" style=\"width:65%;\">\n\t\t\t<a href=\"https:\/\/elektrodigital.co.rs\/product-category\/informacioni-led-displeji-za-industriju\/informacioni-displeji-numericki\/\" >\t\t\t<div class=\"\" >\n\t\t\t\t<img loading=\"lazy\" decoding=\"async\" width=\"778\" height=\"583\" src=\"https:\/\/media.elektrodigital.co.rs\/2025\/09\/xNSER4Bx4R-2.jpg\" class=\"attachment- size-\" alt=\"\" srcset=\"https:\/\/media.elektrodigital.co.rs\/2025\/09\/xNSER4Bx4R-2.jpg 778w, https:\/\/media.elektrodigital.co.rs\/2025\/09\/xNSER4Bx4R-2-534x400.jpg 534w, https:\/\/media.elektrodigital.co.rs\/2025\/09\/xNSER4Bx4R-2-768x576.jpg 768w, https:\/\/media.elektrodigital.co.rs\/2025\/09\/xNSER4Bx4R-2-600x450.jpg 600w\" sizes=\"auto, (max-width: 778px) 100vw, 778px\" \/>\t\t\t\t\t\t\t\t\t\t\t<\/div>\n\t\t\t<\/a>\t\t<\/div>\n\n\t\t<div class=\"box-text text-center\" >\n\t\t\t<div class=\"box-text-inner\">\n\t\t\t\t\n<h4>INFORMACIONI DISPLEJI \u2013 NUMERI\u010cKI SERIJSKI<\/h4>\n<p>Industrijski led displeji &#8211; Serijski numeri\u010dki displeji \u2013 Digitalni displeji za industriju \u2013 Industrijski displeji za pogone \u2013 Serijski led displeji za fabrike \u2013 Numeri\u010dki led displeji \u2013 Displeji sa RS232 ili RS485 ulazom<\/p>\n<p>\u00a0<\/p>\n\t\t\t<\/div>\n\t\t<\/div>\n\t<\/div>\n\t\n\t\t<\/div>\n\t\t\t\t\t<\/div>\n\n\t\n\n\t<div id=\"col-1112580292\" class=\"col medium-4 small-12 large-4\"  >\n\t\t\t\t<div class=\"col-inner box-shadow-1\"  >\n\t\t\t\n\t\t\t\n\t<div class=\"box has-hover   has-hover box-bounce box-text-bottom\" >\n\n\t\t<div class=\"box-image\" style=\"width:63%;\">\n\t\t\t<a href=\"https:\/\/elektrodigital.co.rs\/product-category\/informacioni-led-displeji-za-industriju\/informacioni-displej-alfanumerick\/\" >\t\t\t<div class=\"\" >\n\t\t\t\t<img loading=\"lazy\" decoding=\"async\" width=\"989\" height=\"759\" src=\"https:\/\/media.elektrodigital.co.rs\/2021\/09\/x1.jpg\" class=\"attachment- size-\" alt=\"\" srcset=\"https:\/\/media.elektrodigital.co.rs\/2021\/09\/x1.jpg 989w, https:\/\/media.elektrodigital.co.rs\/2021\/09\/x1-521x400.jpg 521w, https:\/\/media.elektrodigital.co.rs\/2021\/09\/x1-768x589.jpg 768w, https:\/\/media.elektrodigital.co.rs\/2021\/09\/x1-600x460.jpg 600w\" sizes=\"auto, (max-width: 989px) 100vw, 989px\" \/>\t\t\t\t\t\t\t\t\t\t\t<\/div>\n\t\t\t<\/a>\t\t<\/div>\n\n\t\t<div class=\"box-text text-center\" >\n\t\t\t<div class=\"box-text-inner\">\n\t\t\t\t\n<h4>INFORMACIONI DISPLEJ \u2013 ALFANUMERI\u010cKI SERIJSKI<\/h4>\n<p>Industrijski Led displeji &#8211; Tekstulani led displeji \u2013 Serijski alfanumeri\u010dki displeji \u2013 Digitalni displeji za industriju \u2013 Industrijski displeji \u2013 Serijski led displeji za pogone \u2013 Led displeji za fabrike \u2013 Tekstualni led displeji \u2013 Displeji sa RS232 ili RS485 ulazom<\/p>\n<p>\u00a0<\/p>\n\t\t\t<\/div>\n\t\t<\/div>\n\t<\/div>\n\t\n\t\t<\/div>\n\t\t\t\t\t<\/div>\n\n\t\n<\/div>\n<p>&nbsp;<\/p>\n<p>&nbsp;<\/p>\n<div class=\"row align-equal align-center row-divided\"  id=\"row-1361143446\">\n\n\t<div id=\"col-279441590\" class=\"col medium-4 small-12 large-4\"  >\n\t\t\t\t<div class=\"col-inner box-shadow-1\"  >\n\t\t\t\n\t\t\t\n\t<div class=\"box has-hover   has-hover box-bounce box-text-bottom\" >\n\n\t\t<div class=\"box-image\" style=\"width:55%;\">\n\t\t\t<a href=\"https:\/\/elektrodigital.co.rs\/product-category\/informacioni-led-displeji-za-industriju\/informacioni-displej-numericki-na-daljinski\/\" >\t\t\t<div class=\"\" >\n\t\t\t\t<img loading=\"lazy\" decoding=\"async\" width=\"583\" height=\"758\" src=\"https:\/\/media.elektrodigital.co.rs\/2020\/02\/x2.jpg\" class=\"attachment- size-\" alt=\"\" srcset=\"https:\/\/media.elektrodigital.co.rs\/2020\/02\/x2.jpg 583w, https:\/\/media.elektrodigital.co.rs\/2020\/02\/x2-308x400.jpg 308w\" sizes=\"auto, (max-width: 583px) 100vw, 583px\" \/>\t\t\t\t\t\t\t\t\t\t\t<\/div>\n\t\t\t<\/a>\t\t<\/div>\n\n\t\t<div class=\"box-text text-center\" >\n\t\t\t<div class=\"box-text-inner\">\n\t\t\t\t\n<h4>INFORMATION DISPLAYS \u2013 NUMERICAL RF remote<\/h4>\n<p>Shows NUMERICAL values what could we set by RF remote controller. Displays use for emiting information for workers in factory. Display input signal: RS-232 or RS-485<br \/>Good visibility from large distance.<\/p>\n\t\t\t<\/div>\n\t\t<\/div>\n\t<\/div>\n\t\n\t\t<\/div>\n\t\t\t\t\t<\/div>\n\n\t\n\n\t<div id=\"col-248967036\" class=\"col medium-4 small-12 large-4\"  >\n\t\t\t\t<div class=\"col-inner box-shadow-1\"  >\n\t\t\t\n\t\t\t\n\t<div class=\"box has-hover   has-hover box-bounce box-text-bottom\" >\n\n\t\t<div class=\"box-image\" style=\"width:65%;\">\n\t\t\t<a href=\"https:\/\/elektrodigital.co.rs\/product-category\/informacioni-led-displeji-za-industriju\/informacioni-displeji-numericki\/\" >\t\t\t<div class=\"\" >\n\t\t\t\t<img loading=\"lazy\" decoding=\"async\" width=\"796\" height=\"795\" src=\"https:\/\/media.elektrodigital.co.rs\/2018\/07\/007_5130139561.jpg\" class=\"attachment- size-\" alt=\"\" srcset=\"https:\/\/media.elektrodigital.co.rs\/2018\/07\/007_5130139561.jpg 796w, https:\/\/media.elektrodigital.co.rs\/2018\/07\/007_5130139561-280x280.jpg 280w, https:\/\/media.elektrodigital.co.rs\/2018\/07\/007_5130139561-401x400.jpg 401w, https:\/\/media.elektrodigital.co.rs\/2018\/07\/007_5130139561-768x767.jpg 768w, https:\/\/media.elektrodigital.co.rs\/2018\/07\/007_5130139561-300x300.jpg 300w, https:\/\/media.elektrodigital.co.rs\/2018\/07\/007_5130139561-600x599.jpg 600w, https:\/\/media.elektrodigital.co.rs\/2018\/07\/007_5130139561-100x100.jpg 100w\" sizes=\"auto, (max-width: 796px) 100vw, 796px\" \/>\t\t\t\t\t\t\t\t\t\t\t<\/div>\n\t\t\t<\/a>\t\t<\/div>\n\n\t\t<div class=\"box-text text-center\" >\n\t\t\t<div class=\"box-text-inner\">\n\t\t\t\t\n<h4>INFORMATION DISPLAYS \u2013 NUMERICAL<\/h4>\n<p>Shows NUMERICAL values sent by the PLC, microcontroller or a PC.<br \/>Displays use for emiting information for workers in factory. Display input signal: RS-232 or RS-485<br \/>Good visibility from large distance.<\/p>\n\t\t\t<\/div>\n\t\t<\/div>\n\t<\/div>\n\t\n\t\t<\/div>\n\t\t\t\t\t<\/div>\n\n\t\n\n\t<div id=\"col-1725774161\" class=\"col medium-4 small-12 large-4\"  >\n\t\t\t\t<div class=\"col-inner box-shadow-1\"  >\n\t\t\t\n\t\t\t\n\t<div class=\"box has-hover   has-hover box-bounce box-text-bottom\" >\n\n\t\t<div class=\"box-image\" style=\"width:63%;\">\n\t\t\t<a href=\"https:\/\/elektrodigital.co.rs\/product-category\/informacioni-led-displeji-za-industriju\/informacioni-displej-alfanumerick\/\" >\t\t\t<div class=\"\" >\n\t\t\t\t<img loading=\"lazy\" decoding=\"async\" width=\"796\" height=\"795\" src=\"https:\/\/media.elektrodigital.co.rs\/2018\/07\/sersl100-1_9604387520.jpg\" class=\"attachment- size-\" alt=\"\" srcset=\"https:\/\/media.elektrodigital.co.rs\/2018\/07\/sersl100-1_9604387520.jpg 796w, https:\/\/media.elektrodigital.co.rs\/2018\/07\/sersl100-1_9604387520-280x280.jpg 280w, https:\/\/media.elektrodigital.co.rs\/2018\/07\/sersl100-1_9604387520-401x400.jpg 401w, https:\/\/media.elektrodigital.co.rs\/2018\/07\/sersl100-1_9604387520-768x767.jpg 768w, https:\/\/media.elektrodigital.co.rs\/2018\/07\/sersl100-1_9604387520-300x300.jpg 300w, https:\/\/media.elektrodigital.co.rs\/2018\/07\/sersl100-1_9604387520-600x599.jpg 600w, https:\/\/media.elektrodigital.co.rs\/2018\/07\/sersl100-1_9604387520-100x100.jpg 100w\" sizes=\"auto, (max-width: 796px) 100vw, 796px\" \/>\t\t\t\t\t\t\t\t\t\t\t<\/div>\n\t\t\t<\/a>\t\t<\/div>\n\n\t\t<div class=\"box-text text-center\" >\n\t\t\t<div class=\"box-text-inner\">\n\t\t\t\t\n<h4>INFORMATION DISPLAYS \u2013 TEXTUAL<\/h4>\n<p>Shows TEXTUAL messages sent by the PLC, microcontroller or a PC. Displays use for emiting information for workers in factory. Display input signal: RS-232 or RS-485<br \/>Good visibility from large distance.<\/p>\n\t\t\t<\/div>\n\t\t<\/div>\n\t<\/div>\n\t\n\t\t<\/div>\n\t\t\t\t\t<\/div>\n\n\t\n<\/div>\n<p>&nbsp;<\/p>\n","protected":false},"excerpt":{"rendered":"<p>&nbsp; &nbsp; &nbsp; &nbsp;<\/p>\n","protected":false},"author":1,"featured_media":0,"parent":0,"menu_order":0,"comment_status":"closed","ping_status":"closed","template":"page-left-sidebar.php","meta":{"footnotes":""},"class_list":["post-890","page","type-page","status-publish","hentry"],"_links":{"self":[{"href":"https:\/\/elektrodigital.co.rs\/en\/wp-json\/wp\/v2\/pages\/890","targetHints":{"allow":["GET"]}}],"collection":[{"href":"https:\/\/elektrodigital.co.rs\/en\/wp-json\/wp\/v2\/pages"}],"about":[{"href":"https:\/\/elektrodigital.co.rs\/en\/wp-json\/wp\/v2\/types\/page"}],"author":[{"embeddable":true,"href":"https:\/\/elektrodigital.co.rs\/en\/wp-json\/wp\/v2\/users\/1"}],"replies":[{"embeddable":true,"href":"https:\/\/elektrodigital.co.rs\/en\/wp-json\/wp\/v2\/comments?post=890"}],"version-history":[{"count":20,"href":"https:\/\/elektrodigital.co.rs\/en\/wp-json\/wp\/v2\/pages\/890\/revisions"}],"predecessor-version":[{"id":4052,"href":"https:\/\/elektrodigital.co.rs\/en\/wp-json\/wp\/v2\/pages\/890\/revisions\/4052"}],"wp:attachment":[{"href":"https:\/\/elektrodigital.co.rs\/en\/wp-json\/wp\/v2\/media?parent=890"}],"curies":[{"name":"wp","href":"https:\/\/api.w.org\/{rel}","templated":true}]}}